{"id":308,"date":"2022-06-20T15:34:58","date_gmt":"2022-06-20T13:34:58","guid":{"rendered":"https:\/\/www.ritter.cc\/?page_id=308"},"modified":"2022-06-22T12:20:45","modified_gmt":"2022-06-22T10:20:45","slug":"3d-druck-das-creality-hotend","status":"publish","type":"page","link":"https:\/\/www.ritter.cc\/?page_id=308","title":{"rendered":"3D Druck &#8211; Das Creality Hotend"},"content":{"rendered":"\n<p>Ein grundlegendes Verst\u00e4ndnis f\u00fcr das Creality 3D-Drucker-Hot-Ends ist immer dann wichtig, wenn es um Fehlersuche und deren Behebung geht, da viele Probleme bei der Extrusion auf das HotEnd zur\u00fcckzuf\u00fchren sind.<\/p>\n\n\n\n<p>Meine pers\u00f6nlichen Erfahrungen habe ich mit dem HotEnd eines Creality Ender 2Pro gemacht, jedoch wird das identische HotEnd auch in den anderen Creality Druckern eingesetzt, so dass dies f\u00fcr viele Creality Drucker gelten d\u00fcrfte.<\/p>\n\n\n\n<p>Folgende Probleme sind h\u00e4ufig auf das HotEnd zur\u00fcckzuf\u00fchren :<\/p>\n\n\n\n<ul class=\"wp-block-list\"><li>Deine 3D-gedruckten Teile sehen uneinheitlich aus<\/li><li>Es kommt zu einem Thermal Runaway-Fehler<\/li><li>Der 3D-Drucker macht ein klickendes Ger\u00e4usch aus dem Extruder w\u00e4hrend des Drucks oder es wird kein Filament gef\u00f6rdert<\/li><\/ul>\n\n\n\n<p><\/p>\n\n\n\n<h2 class=\"wp-block-heading\">Einf\u00fchrung in das Creality Hot End<\/h2>\n\n\n\n<p>Das Hotend befindet sich unter dem Kunststoff Cover am Druckarm. Bei den meisten Ender Modellen ist das Kunststoff Cover mit einer Schraube and er R\u00fcckseite gesichert und kann dann vorsichtig entfernt werden. <br>ACHTUNG ! Im Cover ist ein L\u00fcfter montiert. Hier sollte etwas Vorsicht walten damit die Kabel nicht besch\u00e4digt werden.<\/p>\n\n\n\n<p><\/p>\n\n\n\n<p>Bevor wir uns mit dem Innenleben befassen, ist es wichtig zu verstehen, wie das HotEnd funktioniert. Vereinfacht ausgedr\u00fcckt, ist das HotEnd die Komponente, die das Filament schmilzt, damit es Schicht f\u00fcr Schicht zum Aufbau eines 3D-Druckteils aufgetragen werden kann. <\/p>\n\n\n\n<p>Das HotEnd hat zwei unterschiedliche Temperaturzonen: die untere hei\u00dfe Zone, die von einer Heizpatrone beheizt wird, und die obere k\u00fchle Zone, die von einem K\u00fchlk\u00f6rper und einem L\u00fcfter gek\u00fchlt wird.<\/p>\n\n\n\n<p>Wenn das Filament oben in das Hei\u00dfe Ende durch den PTFE-Schlauch eintritt, bleibt es k\u00fchl und starr, w\u00e4hrend es sich durch die K\u00fchlzone bewegt. Wenn das Filament in den hei\u00dfen Heizblock und die D\u00fcse gelangt, erhitzt es sich schnell bis zum Schmelzen, bevor es auf den Druck aufgebracht wird.<\/p>\n\n\n\n<p>Du wirst feststellen, dass der sogenannte Heat Break, der das PTFE-Rohr vom Extruder umgibt und beide Zonen \u00fcberspannt, im leeren Raum zwischen der hei\u00dfen und der k\u00fchlen Zone relativ d\u00fcnn ist. Hierdurch wird die W\u00e4rme\u00fcbertragung in die k\u00fchle Zone minimiert. Ein Teil der W\u00e4rme entweicht jedoch immer noch in den k\u00fchlen Bereich, so dass ein K\u00fchlk\u00f6rper und ein Hot-End-L\u00fcfter erforderlich sind, um diesen Bereich k\u00fchl zu halten.<\/p>\n\n\n\n<p>Ich selbst habe hier schon einmal versucht, die Lautst\u00e4rke durch einen Noctua L\u00fcfter zu reduzieren. Leider liefert der Noctua L\u00fcfter jedoch zu wenig Luftstrom um den K\u00fchlk\u00f6rper ausreichend zu k\u00fchlen. Sollte der K\u00fchlk\u00f6rper w\u00e4hrend des Drucks sehr heiss werden, schmilzt das Filament im oberen Bereich und wird auf kurz oder lang f\u00fcr ein Feststecken des Filament im PTFE Rohr sorgen was dann wieder zu dem Klicken aus dem Extruder sorgt.<br>Hier ist die klare Empfehlung den n\u00f6tigen Luftstrom zu beachten.<\/p>\n\n\n\n<figure class=\"wp-block-image size-full\"><a href=\"https:\/\/www.ritter.cc\/wp-content\/uploads\/2022\/06\/HotendDiagram-1.png\"><img loading=\"lazy\" decoding=\"async\" width=\"702\" height=\"667\" src=\"https:\/\/www.ritter.cc\/wp-content\/uploads\/2022\/06\/HotendDiagram-1.png\" alt=\"\" class=\"wp-image-311\" srcset=\"https:\/\/www.ritter.cc\/wp-content\/uploads\/2022\/06\/HotendDiagram-1.png 702w, https:\/\/www.ritter.cc\/wp-content\/uploads\/2022\/06\/HotendDiagram-1-300x285.png 300w\" sizes=\"auto, (max-width: 702px) 100vw, 702px\" \/><\/a><figcaption>Aufbau des Creality Hotend<\/figcaption><\/figure>\n\n\n\n<h2 class=\"wp-block-heading\">Teile der HotEnd-Heizung<\/h2>\n\n\n\n<p>Du wirst feststellen, dass an der Seite des Heizblocks zwei S\u00e4tze von Dr\u00e4hten herausgef\u00fchrt sind. Diese Dr\u00e4hte f\u00fchren zum Thermistor und zur Heizpatrone, die zusammen daf\u00fcr sorgen, dass das HotEnd auf der gew\u00fcnschten Temperatur gehalten wird.<\/p>\n\n\n\n<ul class=\"wp-block-list\"><li>Die Heizpatrone erzeugt aus Strom W\u00e4rme, \u00e4hnlich einem Tauchsieder, wenn sie vom Mainboard mit Strom versorgt wird. Diese W\u00e4rme breitet sich \u00fcber den Heizblock des HotEnds \u00fcber die D\u00fcse aus und gelangt schlie\u00dflich auf das Filament wodurch das Filament geschmolzen wird.<br>Das Creality HotEnd hat hierzu 2 Rote Dr\u00e4hte. Die Polarit\u00e4t der beiden Dr\u00e4hte ist egal.<\/li><\/ul>\n\n\n\n<ul class=\"wp-block-list\"><li>Der Thermistor misst die Temperatur, die das Drucker Mainboard verwendet, um die Heizpatrone entsprechend als Temperaturregelung ein und auszuschalten. Die kleineren wei\u00dfen Dr\u00e4hte verbinden den Thermistor mit der Hauptplatine des Druckers. Hier ist die Polarit\u00e4t ebenfalls egal.<\/li><\/ul>\n\n\n\n<p>Thermistor und Heizpatrone sind &#8220;theoretisch&#8221; auch einzeln austauschbar, jedoch scheint der Thermistor in einigen HotEnds eingeklebt zu sein, was die Entfernung teilweise schwierig gestaltet. Die Heizpatrone hingegen ist mit einer Madenschraube gesichert und kann einfach entfernt werden.<\/p>\n\n\n\n<blockquote class=\"wp-block-quote is-layout-flow wp-block-quote-is-layout-flow\"><p>Wichtig :<br>Beim Zusammenbau des HotEnds unbedingt darauf achten, das keine Kabel in direkten Kontakt mit heissen Teilen kommen !<\/p><\/blockquote>\n\n\n\n<p><\/p>\n","protected":false},"excerpt":{"rendered":"<p>Ein grundlegendes Verst\u00e4ndnis f\u00fcr das Creality 3D-Drucker-Hot-Ends ist immer dann wichtig, wenn es um Fehlersuche und deren Behebung geht, da<\/p>\n<p><a href=\"https:\/\/www.ritter.cc\/?page_id=308\" class=\"more-link\">Continue reading<span class=\"screen-reader-text\">3D Druck &#8211; Das Creality Hotend<\/span><\/a><\/p>\n","protected":false},"author":1,"featured_media":0,"parent":296,"menu_order":0,"comment_status":"closed","ping_status":"closed","template":"","meta":{"ngg_post_thumbnail":0,"footnotes":""},"class_list":["post-308","page","type-page","status-publish","hentry"],"_links":{"self":[{"href":"https:\/\/www.ritter.cc\/index.php?rest_route=\/wp\/v2\/pages\/308","targetHints":{"allow":["GET"]}}],"collection":[{"href":"https:\/\/www.ritter.cc\/index.php?rest_route=\/wp\/v2\/pages"}],"about":[{"href":"https:\/\/www.ritter.cc\/index.php?rest_route=\/wp\/v2\/types\/page"}],"author":[{"embeddable":true,"href":"https:\/\/www.ritter.cc\/index.php?rest_route=\/wp\/v2\/users\/1"}],"replies":[{"embeddable":true,"href":"https:\/\/www.ritter.cc\/index.php?rest_route=%2Fwp%2Fv2%2Fcomments&post=308"}],"version-history":[{"count":4,"href":"https:\/\/www.ritter.cc\/index.php?rest_route=\/wp\/v2\/pages\/308\/revisions"}],"predecessor-version":[{"id":319,"href":"https:\/\/www.ritter.cc\/index.php?rest_route=\/wp\/v2\/pages\/308\/revisions\/319"}],"up":[{"embeddable":true,"href":"https:\/\/www.ritter.cc\/index.php?rest_route=\/wp\/v2\/pages\/296"}],"wp:attachment":[{"href":"https:\/\/www.ritter.cc\/index.php?rest_route=%2Fwp%2Fv2%2Fmedia&parent=308"}],"curies":[{"name":"wp","href":"https:\/\/api.w.org\/{rel}","templated":true}]}}